{"id":65,"date":"2026-01-03T03:41:32","date_gmt":"2026-01-03T03:41:32","guid":{"rendered":"https:\/\/www.amytax.com\/?page_id=65"},"modified":"2026-01-03T06:31:53","modified_gmt":"2026-01-03T06:31:53","slug":"pay-your-tax-2","status":"publish","type":"page","link":"https:\/\/www.amytax.com\/es\/pay-your-tax-2\/","title":{"rendered":"Recursos"},"content":{"rendered":"<div class=\"wp-block-group alignfull is-style-ext-preset--group--natural-1--section has-background-background-color has-background has-global-padding is-layout-constrained wp-container-core-group-is-layout-e955bbaf wp-block-group-is-layout-constrained\" style=\"margin-top:0;margin-bottom:0;padding-top:var(--wp--preset--spacing--70);padding-bottom:var(--wp--preset--spacing--70)\">\n<div class=\"wp-block-group alignwide is-vertical is-layout-flex wp-container-core-group-is-layout-c35747d5 wp-block-group-is-layout-flex\">\n<div class=\"wp-block-group has-global-padding is-layout-constrained wp-container-core-group-is-layout-5e05634a wp-block-group-is-layout-constrained\">\n<h2 class=\"wp-block-heading\">Pague sus impuestos f\u00e1cilmente<\/h2>\n\n\n\n<p>Utilice nuestra gu\u00eda para pagar c\u00f3modamente sus impuestos a trav\u00e9s de diversos m\u00e9todos fiables.<\/p>\n<\/div>\n\n\n\n<div class=\"wp-block-buttons is-layout-flex wp-block-buttons-is-layout-flex\">\n<div class=\"wp-block-button is-style-ext-preset--button--natural-1--button-1 is-style-ext-preset--button--natural-1--button-1--2\"><a class=\"wp-block-button__link has-text-align-center wp-element-button\" href=\"https:\/\/www.irs.gov\/payments\/direct-pay-with-bank-account\">Pago bancario directo<\/a><\/div>\n<\/div>\n\n\n\n<div class=\"wp-block-buttons is-layout-flex wp-block-buttons-is-layout-flex\">\n<div class=\"wp-block-button is-style-ext-preset--button--natural-1--button-1 is-style-ext-preset--button--natural-1--button-1--3\"><a class=\"wp-block-button__link wp-element-button\" href=\"https:\/\/www.irs.gov\/payments\/pay-your-taxes-by-debit-or-credit-card\">Pagos con tarjeta<\/a><\/div>\n<\/div>\n\n\n\n<div class=\"wp-block-buttons is-layout-flex wp-block-buttons-is-layout-flex\">\n<div class=\"wp-block-button is-style-ext-preset--button--natural-1--button-1 is-style-ext-preset--button--natural-1--button-1--4\"><a class=\"wp-block-button__link wp-element-button\" href=\"https:\/\/www.irs.gov\/payments\/eftps-the-electronic-federal-tax-payment-system\"> Sistema electr\u00f3nico de pago de impuestos federales<\/a><\/div>\n\n\n\n<div class=\"wp-block-button is-style-ext-preset--button--natural-1--button-1 is-style-ext-preset--button--natural-1--button-1--5\"><a class=\"wp-block-button__link wp-element-button\" href=\"https:\/\/www.irs.gov\/payments\/pay-taxes-by-electronic-funds-withdrawal\"> Retirada electr\u00f3nica de fondos<\/a><\/div>\n\n\n\n<div class=\"wp-block-button is-style-ext-preset--button--natural-1--button-1 is-style-ext-preset--button--natural-1--button-1--6\"><a class=\"wp-block-button__link wp-element-button\" href=\"https:\/\/www.irs.gov\/payments\/same-day-wire-federal-tax-payments\">Cable para el mismo d\u00eda<\/a><\/div>\n\n\n\n<div class=\"wp-block-button is-style-ext-preset--button--natural-1--button-1 is-style-ext-preset--button--natural-1--button-1--7\"><a class=\"wp-block-button__link wp-element-button\" href=\"https:\/\/www.irs.gov\/payments\/pay-by-check-or-money-order\">Cheque o giro postal<\/a><\/div>\n\n\n\n<div class=\"wp-block-button is-style-ext-preset--button--natural-1--button-1 is-style-ext-preset--button--natural-1--button-1--8\"><a class=\"wp-block-button__link wp-element-button\" href=\"https:\/\/www.irs.gov\/payments\/pay-with-cash-at-a-retail-partner\">Efectivo<\/a><\/div>\n<\/div>\n\n\n\n<div class=\"wp-block-columns alignwide is-layout-flex wp-container-core-columns-is-layout-08c01c1c wp-block-columns-is-layout-flex\">\n<div class=\"wp-block-column is-vertically-aligned-stretch is-layout-flow wp-container-core-column-is-layout-f5bb311e wp-block-column-is-layout-flow\"><\/div>\n<\/div>\n<\/div>\n<\/div>\n\n\n\n<div class=\"wp-block-group alignfull is-style-ext-preset--group--natural-1--section has-tertiary-background-color has-background has-global-padding is-layout-constrained wp-block-group-is-layout-constrained\" style=\"margin-top:0;margin-bottom:0;padding-top:var(--wp--preset--spacing--70);padding-bottom:var(--wp--preset--spacing--70)\">\n<div class=\"wp-block-columns alignwide are-vertically-aligned-center is-layout-flex wp-container-core-columns-is-layout-174606dc wp-block-columns-is-layout-flex\">\n<div class=\"wp-block-column is-vertically-aligned-center is-layout-flow wp-block-column-is-layout-flow\">\n<div class=\"wp-block-group alignwide is-vertical is-layout-flex wp-container-core-group-is-layout-c35747d5 wp-block-group-is-layout-flex\">\n<div class=\"wp-block-group has-global-padding is-layout-constrained wp-container-core-group-is-layout-dd32767c wp-block-group-is-layout-constrained\">\n<h2 class=\"wp-block-heading\">Derechos del contribuyente. \u00bfConoce usted los suyos?&nbsp;<\/h2>\n\n\n\n<p>.<\/p>\n\n\n\n<p>Estos derechos son los siguientes:<\/p>\n\n\n\n<ul class=\"wp-block-list\">\n<li>Derecho a ser informado<\/li>\n\n\n\n<li>Derecho a un servicio de calidad<\/li>\n\n\n\n<li>Derecho a no pagar m\u00e1s impuestos de los correctos<\/li>\n\n\n\n<li>Derecho a impugnar la posici\u00f3n de Hacienda y a ser escuchado<\/li>\n\n\n\n<li>Derecho a recurrir una decisi\u00f3n de Hacienda en un foro independiente<\/li>\n\n\n\n<li>El derecho a la firmeza<\/li>\n\n\n\n<li>Derecho a la intimidad<\/li>\n\n\n\n<li>Derecho a la confidencialidad<\/li>\n\n\n\n<li>Derecho a representaci\u00f3n<\/li>\n\n\n\n<li>Derecho a un sistema fiscal justo y equitativo<\/li>\n<\/ul>\n<\/div>\n\n\n\n<div class=\"wp-block-buttons is-layout-flex wp-block-buttons-is-layout-flex\">\n<div class=\"wp-block-button is-style-ext-preset--button--natural-1--button-1 is-style-ext-preset--button--natural-1--button-1--10\"><a class=\"wp-block-button__link wp-element-button\" href=\"https:\/\/www.irs.gov\/taxpayer-bill-of-rights\">Aprende c\u00f3mo<\/a><\/div>\n<\/div>\n<\/div>\n<\/div>\n\n\n\n<div class=\"wp-block-column is-vertically-aligned-center is-layout-flow wp-block-column-is-layout-flow\">\n<figure class=\"wp-block-image is-style-ext-preset--image--natural-1--image-1--content-right is-style-ext-preset--image--natural-1--image-1--content-right--11\"><img loading=\"lazy\" decoding=\"async\" width=\"1440\" height=\"810\" class=\"wp-image-108\" src=\"https:\/\/www.amytax.com\/wp-content\/uploads\/2026\/01\/044d28f613e4cc5651b8f0fbf25f8753fdc72f0d.jpg\" alt=\"\" style=\"aspect-ratio:4\/3;object-fit:cover\" srcset=\"https:\/\/www.amytax.com\/wp-content\/uploads\/2026\/01\/044d28f613e4cc5651b8f0fbf25f8753fdc72f0d.jpg 1440w, https:\/\/www.amytax.com\/wp-content\/uploads\/2026\/01\/044d28f613e4cc5651b8f0fbf25f8753fdc72f0d-300x169.jpg 300w, https:\/\/www.amytax.com\/wp-content\/uploads\/2026\/01\/044d28f613e4cc5651b8f0fbf25f8753fdc72f0d-1024x576.jpg 1024w, https:\/\/www.amytax.com\/wp-content\/uploads\/2026\/01\/044d28f613e4cc5651b8f0fbf25f8753fdc72f0d-768x432.jpg 768w\" sizes=\"auto, (max-width: 1440px) 100vw, 1440px\" \/><\/figure>\n<\/div>\n<\/div>\n<\/div>\n\n\n\n<div class=\"wp-block-group alignfull is-style-ext-preset--group--natural-1--section has-tertiary-background-color has-background has-global-padding is-layout-constrained wp-block-group-is-layout-constrained\" style=\"margin-top:0;margin-bottom:0;padding-top:var(--wp--preset--spacing--70);padding-bottom:var(--wp--preset--spacing--70)\">\n<div class=\"wp-block-columns alignwide are-vertically-aligned-center is-layout-flex wp-container-core-columns-is-layout-174606dc wp-block-columns-is-layout-flex\">\n<div class=\"wp-block-column is-vertically-aligned-center is-layout-flow wp-block-column-is-layout-flow\">\n<div class=\"wp-block-group alignwide is-vertical is-layout-flex wp-container-core-group-is-layout-c35747d5 wp-block-group-is-layout-flex\">\n<div class=\"wp-block-group has-global-padding is-layout-constrained wp-container-core-group-is-layout-dd32767c wp-block-group-is-layout-constrained\">\n<h2 class=\"wp-block-heading\">Lista de preparaci\u00f3n de impuestos: \u00bfQu\u00e9 documentos necesito para declarar impuestos?\u00a0<\/h2>\n\n\n\n<p>.<\/p>\n\n\n\n<p><\/p>\n\n\n\n<ul class=\"wp-block-list\"><\/ul>\n<\/div>\n\n\n\n<div class=\"wp-block-buttons is-layout-flex wp-block-buttons-is-layout-flex\">\n<div class=\"wp-block-button is-style-ext-preset--button--natural-1--button-1 is-style-ext-preset--button--natural-1--button-1--13\"><a class=\"wp-block-button__link wp-element-button\" href=\"https:\/\/www.irs.gov\/filing\/gather-your-documents\">Aprende c\u00f3mo<\/a><\/div>\n<\/div>\n<\/div>\n<\/div>\n\n\n\n<div class=\"wp-block-column is-vertically-aligned-center is-layout-flow wp-block-column-is-layout-flow\">\n<figure class=\"wp-block-gallery has-nested-images columns-default is-cropped wp-block-gallery-15 is-layout-flex wp-block-gallery-is-layout-flex\">\n<figure class=\"wp-block-image size-large is-style-ext-preset--image--natural-1--image-1--content-right is-style-ext-preset--image--natural-1--image-1--content-right--14\"><img loading=\"lazy\" decoding=\"async\" width=\"310\" height=\"163\" data-id=\"96\" src=\"https:\/\/www.amytax.com\/wp-content\/uploads\/2026\/01\/What-documents-do-i-need.jpg\" alt=\"\" class=\"wp-image-96\" style=\"object-fit:cover\" srcset=\"https:\/\/www.amytax.com\/wp-content\/uploads\/2026\/01\/What-documents-do-i-need.jpg 310w, https:\/\/www.amytax.com\/wp-content\/uploads\/2026\/01\/What-documents-do-i-need-300x158.jpg 300w\" sizes=\"auto, (max-width: 310px) 100vw, 310px\" \/><\/figure>\n<\/figure>\n<\/div>\n<\/div>\n<\/div>\n\n\n\n<div class=\"wp-block-group alignfull is-style-ext-preset--group--natural-1--section has-tertiary-background-color has-background has-global-padding is-layout-constrained wp-block-group-is-layout-constrained\" style=\"margin-top:0;margin-bottom:0;padding-top:var(--wp--preset--spacing--70);padding-bottom:var(--wp--preset--spacing--70)\">\n<div class=\"wp-block-columns alignwide are-vertically-aligned-center is-layout-flex wp-container-core-columns-is-layout-174606dc wp-block-columns-is-layout-flex\">\n<div class=\"wp-block-column is-vertically-aligned-center is-layout-flow wp-block-column-is-layout-flow\">\n<div class=\"wp-block-group alignwide is-vertical is-layout-flex wp-container-core-group-is-layout-c35747d5 wp-block-group-is-layout-flex\">\n<div class=\"wp-block-group has-global-padding is-layout-constrained wp-container-core-group-is-layout-dd32767c wp-block-group-is-layout-constrained\">\n<h2 class=\"wp-block-heading\">\u00a0\u00bfD\u00f3nde est\u00e1 mi reembolso?<\/h2>\n\n\n\n<p>.<\/p>\n\n\n\n<p><\/p>\n\n\n\n<ul class=\"wp-block-list\"><\/ul>\n<\/div>\n\n\n\n<div class=\"wp-block-buttons is-layout-flex wp-block-buttons-is-layout-flex\">\n<div class=\"wp-block-button is-style-ext-preset--button--natural-1--button-1 is-style-ext-preset--button--natural-1--button-1--17\"><a class=\"wp-block-button__link wp-element-button\" href=\"https:\/\/www.irs.gov\/wheres-my-refund\">Aprende c\u00f3mo<\/a><\/div>\n<\/div>\n<\/div>\n<\/div>\n\n\n\n<div class=\"wp-block-column is-vertically-aligned-center is-layout-flow wp-block-column-is-layout-flow\">\n<figure class=\"wp-block-gallery has-nested-images columns-default is-cropped wp-block-gallery-19 is-layout-flex wp-block-gallery-is-layout-flex\">\n<figure class=\"wp-block-image size-full is-style-ext-preset--image--natural-1--image-1--content-right is-style-ext-preset--image--natural-1--image-1--content-right--18\"><img loading=\"lazy\" decoding=\"async\" width=\"284\" height=\"177\" data-id=\"102\" src=\"https:\/\/www.amytax.com\/wp-content\/uploads\/2026\/01\/track-refund.jpg\" alt=\"\" class=\"wp-image-102\" style=\"object-fit:cover\"\/><\/figure>\n<\/figure>\n<\/div>\n<\/div>\n<\/div>","protected":false},"excerpt":{"rendered":"<p>Pay Your Taxes Easily Use our guide to conveniently pay your taxes through various trusted methods. Taxpayer Rights. Do you know yours?&nbsp; . These rights are the following: Tax Prep Checklist: What Documents Do I Need to File Taxes?\u00a0 . \u00a0Where&#8217;s My Refund? .<\/p>","protected":false},"author":1,"featured_media":0,"parent":0,"menu_order":0,"comment_status":"closed","ping_status":"closed","template":"page-with-title","meta":{"footnotes":""},"class_list":["post-65","page","type-page","status-publish","hentry"],"aioseo_notices":[],"_links":{"self":[{"href":"https:\/\/www.amytax.com\/es\/wp-json\/wp\/v2\/pages\/65","targetHints":{"allow":["GET"]}}],"collection":[{"href":"https:\/\/www.amytax.com\/es\/wp-json\/wp\/v2\/pages"}],"about":[{"href":"https:\/\/www.amytax.com\/es\/wp-json\/wp\/v2\/types\/page"}],"author":[{"embeddable":true,"href":"https:\/\/www.amytax.com\/es\/wp-json\/wp\/v2\/users\/1"}],"replies":[{"embeddable":true,"href":"https:\/\/www.amytax.com\/es\/wp-json\/wp\/v2\/comments?post=65"}],"version-history":[{"count":10,"href":"https:\/\/www.amytax.com\/es\/wp-json\/wp\/v2\/pages\/65\/revisions"}],"predecessor-version":[{"id":109,"href":"https:\/\/www.amytax.com\/es\/wp-json\/wp\/v2\/pages\/65\/revisions\/109"}],"wp:attachment":[{"href":"https:\/\/www.amytax.com\/es\/wp-json\/wp\/v2\/media?parent=65"}],"curies":[{"name":"wp","href":"https:\/\/api.w.org\/{rel}","templated":true}]}}